{"id":1816,"date":"2020-07-01T00:55:22","date_gmt":"2020-06-30T22:55:22","guid":{"rendered":"http:\/\/naprawiamykomputery.pl\/?page_id=1816"},"modified":"2021-11-15T13:43:57","modified_gmt":"2021-11-15T12:43:57","slug":"zamow-usluge","status":"publish","type":"page","link":"https:\/\/naprawiamykomputery.pl\/?page_id=1816","title":{"rendered":"Zam\u00f3w Us\u0142ug\u0119"},"content":{"rendered":"<section class=\"wpb-content-wrapper\"><p>[vc_row][vc_column][vc_empty_space][\/vc_column][\/vc_row][vc_row][vc_column width=&#8221;1\/2&#8243;][vc_single_image image=&#8221;1818&#8243; img_size=&#8221;full&#8221; alignment=&#8221;center&#8221; style=&#8221;vc_box_shadow_3d&#8221;][\/vc_column][vc_column width=&#8221;1\/2&#8243;]\n<div class=\"wpcf7 no-js\" id=\"wpcf7-f6-o1\" lang=\"pl-PL\" dir=\"ltr\" data-wpcf7-id=\"6\">\n<div class=\"screen-reader-response\"><p role=\"status\" aria-live=\"polite\" aria-atomic=\"true\"><\/p> <ul><\/ul><\/div>\n<form action=\"\/index.php?rest_route=%2Fwp%2Fv2%2Fpages%2F1816#wpcf7-f6-o1\" method=\"post\" class=\"wpcf7-form init\" aria-label=\"Formularz kontaktowy\" novalidate=\"novalidate\" data-status=\"init\">\n<fieldset class=\"hidden-fields-container\"><input type=\"hidden\" name=\"_wpcf7\" value=\"6\" \/><input type=\"hidden\" name=\"_wpcf7_version\" value=\"6.1.5\" \/><input type=\"hidden\" name=\"_wpcf7_locale\" value=\"pl_PL\" \/><input type=\"hidden\" name=\"_wpcf7_unit_tag\" value=\"wpcf7-f6-o1\" \/><input type=\"hidden\" name=\"_wpcf7_container_post\" value=\"0\" \/><input type=\"hidden\" name=\"_wpcf7_posted_data_hash\" value=\"\" \/>\n<\/fieldset>\n<p><label> Twoje Imi\u0119 (wymagane)<br \/>\n<span class=\"wpcf7-form-control-wrap\" data-name=\"your-name\"><input size=\"40\" maxlength=\"400\" class=\"wpcf7-form-control wpcf7-text wpcf7-validates-as-required\" aria-required=\"true\" aria-invalid=\"false\" value=\"\" type=\"text\" name=\"your-name\" \/><\/span> <\/label>\n<\/p>\n<p><label> Tw\u00f3j Email (wymagane)<br \/>\n<span class=\"wpcf7-form-control-wrap\" data-name=\"your-email\"><input size=\"40\" maxlength=\"400\" class=\"wpcf7-form-control wpcf7-email wpcf7-validates-as-required wpcf7-text wpcf7-validates-as-email\" aria-required=\"true\" aria-invalid=\"false\" value=\"\" type=\"email\" name=\"your-email\" \/><\/span> <\/label>\n<\/p>\n<p><label> Jakiej us\u0142ugi potrzebujesz <\/label><br \/>\n<span class=\"wpcf7-form-control-wrap\" data-name=\"menu-354\"><select class=\"wpcf7-form-control wpcf7-select\" aria-invalid=\"false\" name=\"menu-354\"><option value=\"Obs\u0142uga informatyczna\">Obs\u0142uga informatyczna<\/option><option value=\"Sprzeda\u017c komputer\u00f3w PC\">Sprzeda\u017c komputer\u00f3w PC<\/option><option value=\"Serwis sprz\u0119tu komputerowego\">Serwis sprz\u0119tu komputerowego<\/option><option value=\"Alarmy i kamery\">Alarmy i kamery<\/option><option value=\"Sieci komputerowe\">Sieci komputerowe<\/option><\/select><\/span>\n<\/p>\n<p><label> Tw\u00f3j numer telefonu <\/label><br \/>\n<span class=\"wpcf7-form-control-wrap\" data-name=\"tel-559\"><input size=\"40\" maxlength=\"400\" class=\"wpcf7-form-control wpcf7-tel wpcf7-text wpcf7-validates-as-tel\" aria-invalid=\"false\" value=\"\" type=\"tel\" name=\"tel-559\" \/><\/span>\n<\/p>\n<p><label> O jakiej porze mamy zadzwoni\u0107 <\/label><br \/>\n<span class=\"wpcf7-form-control-wrap\" data-name=\"menu-354\"><select class=\"wpcf7-form-control wpcf7-select\" aria-invalid=\"false\" name=\"menu-354\"><option value=\"W godzinach porannych\">W godzinach porannych<\/option><option value=\"Przed po\u0142udniem\">Przed po\u0142udniem<\/option><option value=\"Po po\u0142udniu\">Po po\u0142udniu<\/option><\/select><\/span>\n<\/p>\n<p><label> Opisz sw\u00f3j Problem<br \/>\n<span class=\"wpcf7-form-control-wrap\" data-name=\"your-message\"><textarea cols=\"40\" rows=\"10\" maxlength=\"2000\" class=\"wpcf7-form-control wpcf7-textarea\" aria-invalid=\"false\" name=\"your-message\"><\/textarea><\/span> <\/label>\n<\/p>\n<p><input class=\"wpcf7-form-control wpcf7-submit has-spinner\" type=\"submit\" value=\"Wy\u015blij zg\u0142oszenie\" \/>\n<\/p><div class=\"wpcf7-response-output\" aria-hidden=\"true\"><\/div>\n<\/form>\n<\/div>\n[vc_column_text]Zgodnie z art. 6 ust.1 lit. a) og\u00f3lnego rozporz\u0105dzenia Parlamentu Europejskiego i Rady (UE) 2016\/679 o ochronie danych osobowych z dnia 27 kwietnia 2016 r. (Dz. Urz. UE L 119 z 04.05.2016) wyra\u017cam zgod\u0119 na przetwarzanie moich danych osobowych w celu otrzymywania ofert marketingowych, kontaktu telefonicznego i mailowego.[\/vc_column_text][\/vc_column][\/vc_row]<\/p>\n<\/section>","protected":false},"excerpt":{"rendered":"<p>[vc_row][vc_column][vc_empty_space][\/vc_column][\/vc_row][vc_row][vc_column width=&#8221;1\/2&#8243;][vc_single_image image=&#8221;1818&#8243; img_size=&#8221;full&#8221; alignment=&#8221;center&#8221; style=&#8221;vc_box_shadow_3d&#8221;][\/vc_column][vc_column width=&#8221;1\/2&#8243;][vc_column_text]Zgodnie z art. 6 ust.1 lit. a) og\u00f3lnego rozporz\u0105dzenia Parlamentu Europejskiego i Rady (UE) 2016\/679 o ochronie danych osobowych z dnia 27 kwietnia 2016 r. (Dz. Urz. UE L 119 z 04.05.2016) wyra\u017cam zgod\u0119 na przetwarzanie moich danych osobowych w celu otrzymywania ofert marketingowych, kontaktu telefonicznego i mailowego.[\/vc_column_text][\/vc_column][\/vc_row]<\/p>\n","protected":false},"author":1,"featured_media":0,"parent":0,"menu_order":0,"comment_status":"closed","ping_status":"closed","template":"","meta":{"footnotes":""},"class_list":["post-1816","page","type-page","status-publish","hentry"],"_links":{"self":[{"href":"https:\/\/naprawiamykomputery.pl\/index.php?rest_route=\/wp\/v2\/pages\/1816","targetHints":{"allow":["GET"]}}],"collection":[{"href":"https:\/\/naprawiamykomputery.pl\/index.php?rest_route=\/wp\/v2\/pages"}],"about":[{"href":"https:\/\/naprawiamykomputery.pl\/index.php?rest_route=\/wp\/v2\/types\/page"}],"author":[{"embeddable":true,"href":"https:\/\/naprawiamykomputery.pl\/index.php?rest_route=\/wp\/v2\/users\/1"}],"replies":[{"embeddable":true,"href":"https:\/\/naprawiamykomputery.pl\/index.php?rest_route=%2Fwp%2Fv2%2Fcomments&post=1816"}],"version-history":[{"count":5,"href":"https:\/\/naprawiamykomputery.pl\/index.php?rest_route=\/wp\/v2\/pages\/1816\/revisions"}],"predecessor-version":[{"id":2039,"href":"https:\/\/naprawiamykomputery.pl\/index.php?rest_route=\/wp\/v2\/pages\/1816\/revisions\/2039"}],"wp:attachment":[{"href":"https:\/\/naprawiamykomputery.pl\/index.php?rest_route=%2Fwp%2Fv2%2Fmedia&parent=1816"}],"curies":[{"name":"wp","href":"https:\/\/api.w.org\/{rel}","templated":true}]}}