{"id":201,"date":"2017-04-30T18:18:55","date_gmt":"2017-04-30T18:18:55","guid":{"rendered":"https:\/\/demo.brothersthemes.com\/comrepair\/?page_id=201"},"modified":"2023-03-24T14:44:49","modified_gmt":"2023-03-24T13:44:49","slug":"kontakt","status":"publish","type":"page","link":"https:\/\/naprawiamykomputery.pl\/?page_id=201","title":{"rendered":"Kontakt"},"content":{"rendered":"<section class=\"wpb-content-wrapper\"><p>[vc_row css=&#8221;.vc_custom_1493556570388{padding-top: 20px !important;}&#8221;][vc_column width=&#8221;1\/3&#8243;][comrepair_feature_box style=&#8221;style-2&#8243; icon_font=&#8221;typicons&#8221; icon_typicons=&#8221;typcn typcn-location-outline&#8221;]<\/p>\n<h5 class=\"font-weight-normal\" style=\"text-align: center;\">Siedziba<\/h5>\n<p style=\"text-align: center;\">ul. Turystyczna 45<br \/>\n43-241 \u0141\u0105ka<\/p>\n<p>[\/comrepair_feature_box][\/vc_column][vc_column width=&#8221;1\/3&#8243;][comrepair_feature_box style=&#8221;style-2&#8243; icon_font=&#8221;typicons&#8221; icon_typicons=&#8221;typcn typcn-mail&#8221;]<\/p>\n<h5 class=\"font-weight-normal\" style=\"text-align: center;\">Email<\/h5>\n<p style=\"text-align: center;\"><a href=\"mailto:info@naprawiamykomputery.pl\">info@naprawiamykomputery.pl<\/a><\/p>\n<p>[\/comrepair_feature_box][\/vc_column][vc_column width=&#8221;1\/3&#8243;][comrepair_feature_box style=&#8221;style-2&#8243; icon_font=&#8221;typicons&#8221; icon_typicons=&#8221;typcn typcn-phone-outline&#8221;]<\/p>\n<h5 class=\"font-weight-normal\" style=\"text-align: center;\">Telefony<\/h5>\n<p style=\"text-align: center;\">Tel. 32 7979 575<br \/>\nFax. 32 7979 576<br \/>\nGSM 501 754 704<\/p>\n<p>&nbsp;[\/comrepair_feature_box][\/vc_column][\/vc_row][vc_row][vc_column width=&#8221;1\/2&#8243;][vc_gmaps link=&#8221;#E-8_JTNDaWZyYW1lJTIwc3JjJTNEJTIyaHR0cHMlM0ElMkYlMkZ3d3cuZ29vZ2xlLmNvbSUyRm1hcHMlMkZlbWJlZCUzRnBiJTNEJTIxMW0xOCUyMTFtMTIlMjExbTMlMjExZDI1NjcuMTIyNjM1NDc5ODgyJTIxMmQxOC44ODk2NTEyMTUxNDQ5MTYlMjEzZDQ5Ljk1MjgwMTk3OTQwOTglMjEybTMlMjExZjAlMjEyZjAlMjEzZjAlMjEzbTIlMjExaTEwMjQlMjEyaTc2OCUyMTRmMTMuMSUyMTNtMyUyMTFtMiUyMTFzMHg0NzE2YTU1NmUwODQyYzg3JTI1M0EweDgzZDJhMjA1ZGZlZmFkZmQlMjEyc1R1cnlzdHljem5hJTI1MjA0NSUyNTJDJTI1MjA0My0yNDElMjUyMCUyNUM1JTI1ODElMjVDNCUyNTg1a2ElMjE1ZTAlMjEzbTIlMjExc3BsJTIxMnNwbCUyMTR2MTU5MzUwODA5MDk2MiUyMTVtMiUyMTFzcGwlMjEyc3BsJTIyJTIwd2lkdGglM0QlMjI2MDAlMjIlMjBoZWlnaHQlM0QlMjI0NTAlMjIlMjBmcmFtZWJvcmRlciUzRCUyMjAlMjIlMjBzdHlsZSUzRCUyMmJvcmRlciUzQTAlM0IlMjIlMjBhbGxvd2Z1bGxzY3JlZW4lM0QlMjIlMjIlMjBhcmlhLWhpZGRlbiUzRCUyMmZhbHNlJTIyJTIwdGFiaW5kZXglM0QlMjIwJTIyJTNFJTNDJTJGaWZyYW1lJTNF&#8221;][\/vc_column][vc_column width=&#8221;1\/2&#8243;]\n<div class=\"wpcf7 no-js\" id=\"wpcf7-f205-o1\" lang=\"en-US\" dir=\"ltr\" data-wpcf7-id=\"205\">\n<div class=\"screen-reader-response\"><p role=\"status\" aria-live=\"polite\" aria-atomic=\"true\"><\/p> <ul><\/ul><\/div>\n<form action=\"\/index.php?rest_route=%2Fwp%2Fv2%2Fpages%2F201#wpcf7-f205-o1\" method=\"post\" class=\"wpcf7-form init\" aria-label=\"Contact form\" novalidate=\"novalidate\" data-status=\"init\">\n<fieldset class=\"hidden-fields-container\"><input type=\"hidden\" name=\"_wpcf7\" value=\"205\" \/><input type=\"hidden\" name=\"_wpcf7_version\" value=\"6.1.5\" \/><input type=\"hidden\" name=\"_wpcf7_locale\" value=\"en_US\" \/><input type=\"hidden\" name=\"_wpcf7_unit_tag\" value=\"wpcf7-f205-o1\" \/><input type=\"hidden\" name=\"_wpcf7_container_post\" value=\"0\" \/><input type=\"hidden\" name=\"_wpcf7_posted_data_hash\" value=\"\" \/>\n<\/fieldset>\n<h4 class=\"font-weight-normal text-center\">Wy\u015blij wiadomo\u015b\u0107\n<\/h4>\n<p class=\"form-notes\"><br \/>\nPola s\u0105 wymagane *\n<\/p>\n<p><label for=\"name-field\">Imi\u0119 *<\/label><br \/>\n<span class=\"wpcf7-form-control-wrap\" data-name=\"your-name\"><input size=\"40\" maxlength=\"400\" class=\"wpcf7-form-control wpcf7-text wpcf7-validates-as-required\" id=\"name-field\" aria-required=\"true\" aria-invalid=\"false\" value=\"\" type=\"text\" name=\"your-name\" \/><\/span>\n<\/p>\n<p><label for=\"email-field\">Email *<\/label><br \/>\n<span class=\"wpcf7-form-control-wrap\" data-name=\"your-email\"><input size=\"40\" maxlength=\"400\" class=\"wpcf7-form-control wpcf7-email wpcf7-validates-as-required wpcf7-text wpcf7-validates-as-email\" id=\"email-field\" aria-required=\"true\" aria-invalid=\"false\" value=\"\" type=\"email\" name=\"your-email\" \/><\/span>\n<\/p>\n<p><label for=\"subject-field\">Temat<\/label><br \/>\n<span class=\"wpcf7-form-control-wrap\" data-name=\"your-subject\"><input size=\"40\" maxlength=\"400\" class=\"wpcf7-form-control wpcf7-text\" id=\"subject-field\" aria-invalid=\"false\" value=\"\" type=\"text\" name=\"your-subject\" \/><\/span>\n<\/p>\n<p><label for=\"message-field\">Wiadomo\u015b\u0107<\/label><br \/>\n<span class=\"wpcf7-form-control-wrap\" data-name=\"your-message\"><textarea cols=\"40\" rows=\"6\" maxlength=\"2000\" class=\"wpcf7-form-control wpcf7-textarea\" id=\"message-field\" aria-invalid=\"false\" name=\"your-message\"><\/textarea><\/span>\n<\/p>\n<p><input class=\"wpcf7-form-control wpcf7-submit has-spinner btn btn-transparent\" type=\"submit\" value=\"Wy\u015blij\" \/>\n<\/p><div class=\"wpcf7-response-output\" aria-hidden=\"true\"><\/div>\n<\/form>\n<\/div>\n[vc_column_text]<span style=\"font-size: 10pt;\">Zgodnie z art. 6 ust.1 lit. a) og\u00f3lnego rozporz\u0105dzenia Parlamentu Europejskiego i Rady (UE) 2016\/679 o ochronie danych osobowych z dnia 27 kwietnia 2016 r. (Dz. Urz. UE L 119 z 04.05.2016) wyra\u017cam zgod\u0119 na przetwarzanie moich danych osobowych w celu otrzymywania ofert marketingowych, kontaktu telefonicznego i mailowego.<\/span>[\/vc_column_text][\/vc_column][\/vc_row]<\/p>\n<\/section>","protected":false},"excerpt":{"rendered":"<p>[vc_row css=&#8221;.vc_custom_1493556570388{padding-top: 20px !important;}&#8221;][vc_column width=&#8221;1\/3&#8243;][comrepair_feature_box style=&#8221;style-2&#8243; icon_font=&#8221;typicons&#8221; icon_typicons=&#8221;typcn typcn-location-outline&#8221;] Siedziba ul. Turystyczna 45 43-241 \u0141\u0105ka [\/comrepair_feature_box][\/vc_column][vc_column width=&#8221;1\/3&#8243;][comrepair_feature_box style=&#8221;style-2&#8243; icon_font=&#8221;typicons&#8221; icon_typicons=&#8221;typcn typcn-mail&#8221;] Email info@naprawiamykomputery.pl [\/comrepair_feature_box][\/vc_column][vc_column width=&#8221;1\/3&#8243;][comrepair_feature_box style=&#8221;style-2&#8243; icon_font=&#8221;typicons&#8221; icon_typicons=&#8221;typcn typcn-phone-outline&#8221;] Telefony Tel. 32 7979 575 Fax. 32 7979 576 GSM 501 754 704 &nbsp;[\/comrepair_feature_box][\/vc_column][\/vc_row][vc_row][vc_column width=&#8221;1\/2&#8243;][vc_gmaps link=&#8221;#E-8_JTNDaWZyYW1lJTIwc3JjJTNEJTIyaHR0cHMlM0ElMkYlMkZ3d3cuZ29vZ2xlLmNvbSUyRm1hcHMlMkZlbWJlZCUzRnBiJTNEJTIxMW0xOCUyMTFtMTIlMjExbTMlMjExZDI1NjcuMTIyNjM1NDc5ODgyJTIxMmQxOC44ODk2NTEyMTUxNDQ5MTYlMjEzZDQ5Ljk1MjgwMTk3OTQwOTglMjEybTMlMjExZjAlMjEyZjAlMjEzZjAlMjEzbTIlMjExaTEwMjQlMjEyaTc2OCUyMTRmMTMuMSUyMTNtMyUyMTFtMiUyMTFzMHg0NzE2YTU1NmUwODQyYzg3JTI1M0EweDgzZDJhMjA1ZGZlZmFkZmQlMjEyc1R1cnlzdHljem5hJTI1MjA0NSUyNTJDJTI1MjA0My0yNDElMjUyMCUyNUM1JTI1ODElMjVDNCUyNTg1a2ElMjE1ZTAlMjEzbTIlMjExc3BsJTIxMnNwbCUyMTR2MTU5MzUwODA5MDk2MiUyMTVtMiUyMTFzcGwlMjEyc3BsJTIyJTIwd2lkdGglM0QlMjI2MDAlMjIlMjBoZWlnaHQlM0QlMjI0NTAlMjIlMjBmcmFtZWJvcmRlciUzRCUyMjAlMjIlMjBzdHlsZSUzRCUyMmJvcmRlciUzQTAlM0IlMjIlMjBhbGxvd2Z1bGxzY3JlZW4lM0QlMjIlMjIlMjBhcmlhLWhpZGRlbiUzRCUyMmZhbHNlJTIyJTIwdGFiaW5kZXglM0QlMjIwJTIyJTNFJTNDJTJGaWZyYW1lJTNF&#8221;][\/vc_column][vc_column width=&#8221;1\/2&#8243;][vc_column_text]Zgodnie z art. 6 ust.1 lit. a) og\u00f3lnego rozporz\u0105dzenia Parlamentu [&hellip;]<\/p>\n","protected":false},"author":1,"featured_media":0,"parent":0,"menu_order":0,"comment_status":"closed","ping_status":"closed","template":"","meta":{"footnotes":""},"class_list":["post-201","page","type-page","status-publish","hentry"],"_links":{"self":[{"href":"https:\/\/naprawiamykomputery.pl\/index.php?rest_route=\/wp\/v2\/pages\/201","targetHints":{"allow":["GET"]}}],"collection":[{"href":"https:\/\/naprawiamykomputery.pl\/index.php?rest_route=\/wp\/v2\/pages"}],"about":[{"href":"https:\/\/naprawiamykomputery.pl\/index.php?rest_route=\/wp\/v2\/types\/page"}],"author":[{"embeddable":true,"href":"https:\/\/naprawiamykomputery.pl\/index.php?rest_route=\/wp\/v2\/users\/1"}],"replies":[{"embeddable":true,"href":"https:\/\/naprawiamykomputery.pl\/index.php?rest_route=%2Fwp%2Fv2%2Fcomments&post=201"}],"version-history":[{"count":9,"href":"https:\/\/naprawiamykomputery.pl\/index.php?rest_route=\/wp\/v2\/pages\/201\/revisions"}],"predecessor-version":[{"id":2352,"href":"https:\/\/naprawiamykomputery.pl\/index.php?rest_route=\/wp\/v2\/pages\/201\/revisions\/2352"}],"wp:attachment":[{"href":"https:\/\/naprawiamykomputery.pl\/index.php?rest_route=%2Fwp%2Fv2%2Fmedia&parent=201"}],"curies":[{"name":"wp","href":"https:\/\/api.w.org\/{rel}","templated":true}]}}